{"id":153,"date":"2026-03-28T17:41:13","date_gmt":"2026-03-28T16:41:13","guid":{"rendered":"https:\/\/isarberg.com\/?page_id=153"},"modified":"2026-04-04T09:46:33","modified_gmt":"2026-04-04T07:46:33","slug":"unternehmungen","status":"publish","type":"page","link":"https:\/\/isarberg.com\/de\/ventures\/","title":{"rendered":"Unsere Unternehmungen"},"content":{"rendered":"<div class=\"gb-element-5559bb5c\">\n<h1 class=\"gb-text gb-text-13dff95b\">Unsere Unternehmungen<\/h1>\n\n\n\n<div class=\"gb-element-a08beb36\">\n<div>\n<p class=\"gb-text gb-text-ib-card-1-tag\">Plattform<\/p>\n\n\n\n<h3 class=\"gb-text gb-text-ib-card-1-h3\">Jobmoover<\/h3>\n\n\n\n<p class=\"gb-text gb-text-ib-card-1-p\">KI ver\u00e4ndert jeden Beruf. Jobmoover analysiert die Auswirkungen, gibt umsetzbare Empfehlungen und hilft Ihnen, den richtigen Standort mit \u00fcber 1.600 St\u00e4dteprofilen zu finden - einschlie\u00dflich versteckter Juwelen. Deutschland ist live - die USA, Kanada und Brasilien folgen in K\u00fcrze.<\/p>\n\n\n\n<a class=\"gb-text gb-text-ib-card-1-link\" href=\"https:\/\/jobmoover.com\" target=\"_blank\" rel=\"noopener noreferrer\">jobmoover.com \u2192.<\/a>\n<\/div>\n\n\n\n<div>\n<p class=\"gb-text gb-text-ib-card-2-tag\">Dienstleistungen<\/p>\n\n\n\n<h3 class=\"gb-text gb-text-ib-card-2-h3\">Web-Entwicklung &amp; Dienstleistungen<\/h3>\n\n\n\n<p class=\"gb-text gb-text-ib-card-2-p\">Komplette Online-Gesch\u00e4ftsplattformen auf WordPress - Shops, Communities, Affiliate-Systeme, CRM, Support-Tools und volle EU-Rechtskonformit\u00e4t. Leistungsstarkes Hosting mit Cloudflare CDN, gehostet in Deutschland.<\/p>\n\n\n\n<a class=\"gb-text gb-text-ib-card-2-link\" href=\"https:\/\/isarberg.com\/de\/web-entwicklung\/\">Mehr erfahren \u2192<\/a>\n<\/div>\n<\/div>\n<\/div>","protected":false},"excerpt":{"rendered":"<p>Our Ventures Platform Jobmoover AI is changing every profession. Jobmoover analyzes the impact, provides actionable recommendations, and helps you find the right location with over 1,600 city profiles \u2014 including hidden gems. Germany is live \u2014 the USA, Canada, and Brazil are coming soon. jobmoover.com \u2192 Services Web Development &amp; Services Complete online business platforms &#8230; <a title=\"Unsere Unternehmungen\" class=\"read-more\" href=\"https:\/\/isarberg.com\/de\/ventures\/\" aria-label=\"Mehr Informationen \u00fcber Our Ventures\">Weiterlesen<\/a><\/p>","protected":false},"author":1,"featured_media":0,"parent":0,"menu_order":0,"comment_status":"closed","ping_status":"closed","template":"","meta":{"_seopress_robots_primary_cat":"","_seopress_titles_title":"Jobmoover AI & Web Development Platforms","_seopress_titles_desc":"Explore Jobmoover AI to analyze career impact, discover 1,600+ city profiles, and launch compliant WordPress platforms with German hosting.","_seopress_robots_index":"","footnotes":""},"class_list":["post-153","page","type-page","status-publish"],"_links":{"self":[{"href":"https:\/\/isarberg.com\/de\/wp-json\/wp\/v2\/pages\/153","targetHints":{"allow":["GET"]}}],"collection":[{"href":"https:\/\/isarberg.com\/de\/wp-json\/wp\/v2\/pages"}],"about":[{"href":"https:\/\/isarberg.com\/de\/wp-json\/wp\/v2\/types\/page"}],"author":[{"embeddable":true,"href":"https:\/\/isarberg.com\/de\/wp-json\/wp\/v2\/users\/1"}],"replies":[{"embeddable":true,"href":"https:\/\/isarberg.com\/de\/wp-json\/wp\/v2\/comments?post=153"}],"version-history":[{"count":10,"href":"https:\/\/isarberg.com\/de\/wp-json\/wp\/v2\/pages\/153\/revisions"}],"predecessor-version":[{"id":444,"href":"https:\/\/isarberg.com\/de\/wp-json\/wp\/v2\/pages\/153\/revisions\/444"}],"wp:attachment":[{"href":"https:\/\/isarberg.com\/de\/wp-json\/wp\/v2\/media?parent=153"}],"curies":[{"name":"wp","href":"https:\/\/api.w.org\/{rel}","templated":true}]}}