{"id":182,"date":"2026-03-28T18:54:50","date_gmt":"2026-03-28T17:54:50","guid":{"rendered":"https:\/\/isarberg.com\/?page_id=182"},"modified":"2026-04-04T13:42:57","modified_gmt":"2026-04-04T11:42:57","slug":"web-entwicklung","status":"publish","type":"page","link":"https:\/\/isarberg.com\/de\/web-development\/","title":{"rendered":"Web-Entwicklung"},"content":{"rendered":"<div class=\"gb-element-239f77c4\">\n<h1 class=\"gb-text gb-text-330a2bd5\">Web-Entwicklung<\/h1>\n\n\n\n<div class=\"gb-element-aa8ad3f0\">\n<div>\n<p class=\"gb-text gb-text-a3533097\">Wir entwickeln umfassende, KI-gest\u00fctzte Online-Gesch\u00e4ftsplattformen auf WordPress \u2013 schnell, EU-konform und skalierbar.<\/p>\n\n\n\n<p class=\"gb-text gb-text-add38212\">Unser Stack deckt alles ab, was Sie f\u00fcr den Betrieb eines professionellen Online-Gesch\u00e4fts ben\u00f6tigen: Shop, Community, Affiliate-System, CRM, Support-Tools und Rechtskonformit\u00e4t \u2013 aufgebaut auf dem schnellsten verf\u00fcgbaren Theme- und Content-Block-System, ausgelegt auf eine Skalierung auf \u00fcber 1 Million Nutzer \u2013 angetrieben von modernen Architekturen, Automatisierung und KI, mit Cloudflare CDN, gehostet in Deutschland.<\/p>\n\n\n\n<p class=\"gb-text gb-text-75ae4219\">\u00dcber 20 Jahre Praxiserfahrung - kombiniert mit modernen KI-gesteuerten Entwicklungsabl\u00e4ufen. Zu unseren bisherigen Kunden z\u00e4hlen EU-gef\u00f6rderte Forschungsprojekte, Universit\u00e4ten und Unternehmen in ganz Bayern.<\/p>\n<\/div>\n\n\n\n<div>\n<h3 class=\"gb-text gb-text-c9951bc0\">Was ist inbegriffen?<\/h3>\n\n\n\n<ul class=\"wp-block-list iblist\">\n<li class=\"has-contrast-2-color has-text-color has-link-color wp-elements-21bc947e2563765f0e7b39645a15c9af\" style=\"font-size:16px\">Die schnellste Community-Software auf dem Markt<\/li>\n\n\n\n<li class=\"has-contrast-2-color has-text-color has-link-color wp-elements-c4b3ce552270ee2f1e917df938d9d48f\" style=\"font-size:16px\">Shop &amp; Zahlungsintegration<\/li>\n\n\n\n<li class=\"has-contrast-2-color has-text-color has-link-color wp-elements-fc386b0358cea57da38e79fa540c7c87\" style=\"font-size:16px\">Affiliate- und CRM-Tools<\/li>\n\n\n\n<li class=\"has-contrast-2-color has-text-color has-link-color wp-elements-4d2ef71355e41c94ad82ccc083c3783f\" style=\"font-size:16px\">Support-System<\/li>\n\n\n\n<li class=\"has-contrast-2-color has-text-color has-link-color wp-elements-c89b215c1fbca8ab1d45adf86f3443d0\" style=\"font-size:16px\">Cloudflare CDN f\u00fcr globale Geschwindigkeit<\/li>\n\n\n\n<li class=\"has-contrast-2-color has-text-color has-link-color wp-elements-dd1c5057a34d8db816405cf3e1ce0ea1\" style=\"font-size:16px\">Vollst\u00e4ndige EU-konforme Einrichtung (DSGVO, Cookie-Einwilligung, Datenschutzerkl\u00e4rungen)<\/li>\n\n\n\n<li class=\"has-contrast-2-color has-text-color has-link-color wp-elements-0712ef9b7d75b38391c801de38b201ba\" style=\"font-size:16px\">Domain-Registrierung, Hosting, SSL, t\u00e4gliche Backups, 24\/7-\u00dcberwachung<\/li>\n\n\n\n<li class=\"has-contrast-2-color has-text-color has-link-color wp-elements-a7e2c8d6f0e4a263a10984651f1a7248\" style=\"font-size:16px\">SEO-Grundlagen &amp; KI-unterst\u00fctzte Inhalte und Automatisierungsworkflows<\/li>\n<\/ul>\n<\/div>\n\n\n\n<div>\n<h3 class=\"gb-text gb-text-c573c47b\">Mit diesem Stack gebaut<\/h3>\n\n\n\n<ul class=\"wp-block-list iblist\">\n<li style=\"font-size:16px\"><a href=\"https:\/\/jobmoover.com\" target=\"_blank\" rel=\"noreferrer noopener\">Jobmoover.de<\/a> \u2014 professional community &amp; job platform with 1,600+ city profiles across Germany.<\/li>\n<\/ul>\n<\/div>\n\n\n\n<div>\n<h3 class=\"gb-text gb-text-53c12581\">Andere Projekte<\/h3>\n\n\n\n<ul class=\"wp-block-list iblist\">\n<li style=\"font-size:16px\"><a href=\"https:\/\/intelliman-project.eu\" target=\"_blank\" rel=\"noreferrer noopener\">intelliman-project.eu<\/a> - EU-Forschungsprojekt<\/li>\n\n\n\n<li style=\"font-size:16px\"><a href=\"https:\/\/smhyles.eu\" target=\"_blank\" rel=\"noreferrer noopener\">smhyles.eu<\/a> - EU-Forschungsprojekt<\/li>\n\n\n\n<li style=\"font-size:16px\"><a href=\"https:\/\/hyflow-h2020.eu\" target=\"_blank\" rel=\"noreferrer noopener\">hyflow-h2020.eu<\/a> - EU-Forschungsprojekt Horizon 2020<\/li>\n\n\n\n<li class=\"has-contrast-2-color has-text-color\" style=\"font-size:16px\">Technische Universit\u00e4t M\u00fcnchen (TUM) - Veranstaltungsplattform f\u00fcr \u00fcber 800 Veranstaltungen<\/li>\n<\/ul>\n<\/div>\n<\/div>\n\n\n\n<a class=\"gb-text gb-text-ib-card-2-link\" href=\"mailto:info@isarberg.com\">Nehmen Sie Kontakt auf \u2192<\/a>\n<\/div>","protected":false},"excerpt":{"rendered":"<p>Web Development We build complete, AI-enhanced online business platforms on WordPress \u2014 fast, EU-compliant, and ready to scale. Our stack covers everything you need to run a professional online business: shop, community, affiliate system, CRM, support tools, and legal compliance \u2014 built on the fastest theme and content block system available, designed to scale to &#8230; <a title=\"Web-Entwicklung\" class=\"read-more\" href=\"https:\/\/isarberg.com\/de\/web-development\/\" aria-label=\"Mehr Informationen \u00fcber Web Development\">Weiterlesen<\/a><\/p>","protected":false},"author":1,"featured_media":0,"parent":0,"menu_order":0,"comment_status":"closed","ping_status":"closed","template":"","meta":{"_seopress_robots_primary_cat":"","_seopress_titles_title":"AI-Enhanced WordPress Business Platforms","_seopress_titles_desc":"We build AI-enhanced WordPress platforms with shop, CRM, community, and full EU compliance\u2014fast, secure, scalable, and hosted in Germany.","_seopress_robots_index":"","footnotes":""},"class_list":["post-182","page","type-page","status-publish"],"_links":{"self":[{"href":"https:\/\/isarberg.com\/de\/wp-json\/wp\/v2\/pages\/182","targetHints":{"allow":["GET"]}}],"collection":[{"href":"https:\/\/isarberg.com\/de\/wp-json\/wp\/v2\/pages"}],"about":[{"href":"https:\/\/isarberg.com\/de\/wp-json\/wp\/v2\/types\/page"}],"author":[{"embeddable":true,"href":"https:\/\/isarberg.com\/de\/wp-json\/wp\/v2\/users\/1"}],"replies":[{"embeddable":true,"href":"https:\/\/isarberg.com\/de\/wp-json\/wp\/v2\/comments?post=182"}],"version-history":[{"count":10,"href":"https:\/\/isarberg.com\/de\/wp-json\/wp\/v2\/pages\/182\/revisions"}],"predecessor-version":[{"id":456,"href":"https:\/\/isarberg.com\/de\/wp-json\/wp\/v2\/pages\/182\/revisions\/456"}],"wp:attachment":[{"href":"https:\/\/isarberg.com\/de\/wp-json\/wp\/v2\/media?parent=182"}],"curies":[{"name":"wp","href":"https:\/\/api.w.org\/{rel}","templated":true}]}}